{"id":2201,"date":"2023-08-25T18:19:18","date_gmt":"2023-08-25T18:19:18","guid":{"rendered":"https:\/\/educon.es\/Inscripciones\/?page_id=2201"},"modified":"2025-04-22T11:09:28","modified_gmt":"2025-04-22T11:09:28","slug":"manual-de-registro-para-la-inscripcion","status":"publish","type":"page","link":"https:\/\/educon.es\/Inscripciones\/manual-de-registro-para-la-inscripcion\/","title":{"rendered":"Manual de Registro para la Inscripci\u00f3n"},"content":{"rendered":"\t\t<div data-elementor-type=\"wp-page\" data-elementor-id=\"2201\" class=\"elementor elementor-2201\">\n\t\t\t\t\t\t<section class=\"elementor-section elementor-top-section elementor-element elementor-element-77f7f1f9 elementor-section-boxed elementor-section-height-default elementor-section-height-default\" data-id=\"77f7f1f9\" data-element_type=\"section\">\n\t\t\t\t\t\t<div class=\"elementor-container elementor-column-gap-default\">\n\t\t\t\t\t<div class=\"elementor-column elementor-col-100 elementor-top-column elementor-element elementor-element-784c6fa0\" data-id=\"784c6fa0\" data-element_type=\"column\">\n\t\t\t<div class=\"elementor-widget-wrap elementor-element-populated\">\n\t\t\t\t\t\t<div class=\"elementor-element elementor-element-bebfa49 elementor-widget elementor-widget-wp-widget-maxmegamenu\" data-id=\"bebfa49\" data-element_type=\"widget\" data-widget_type=\"wp-widget-maxmegamenu.default\">\n\t\t\t\t<div class=\"elementor-widget-container\">\n\t\t\t\t\t<div id=\"mega-menu-wrap-max_mega_menu_1\" class=\"mega-menu-wrap\"><div class=\"mega-menu-toggle\"><div class=\"mega-toggle-blocks-left\"><\/div><div class=\"mega-toggle-blocks-center\"><div class='mega-toggle-block mega-menu-toggle-animated-block mega-toggle-block-1' id='mega-toggle-block-1'><button aria-label=\"Toggle Menu\" class=\"mega-toggle-animated mega-toggle-animated-slider\" type=\"button\" aria-expanded=\"false\">\n                  <span class=\"mega-toggle-animated-box\">\n                    <span class=\"mega-toggle-animated-inner\"><\/span>\n                  <\/span>\n                <\/button><\/div><\/div><div class=\"mega-toggle-blocks-right\"><\/div><\/div><ul id=\"mega-menu-max_mega_menu_1\" class=\"mega-menu max-mega-menu mega-menu-horizontal mega-no-js\" data-event=\"hover_intent\" data-effect=\"fade_up\" data-effect-speed=\"200\" data-effect-mobile=\"slide_right\" data-effect-speed-mobile=\"200\" data-mobile-force-width=\"false\" data-second-click=\"go\" data-document-click=\"collapse\" data-vertical-behaviour=\"standard\" data-breakpoint=\"768\" data-unbind=\"true\" data-mobile-state=\"collapse_all\" data-mobile-direction=\"vertical\" data-hover-intent-timeout=\"300\" data-hover-intent-interval=\"100\"><li class=\"mega-menu-item mega-menu-item-type-custom mega-menu-item-object-custom mega-align-bottom-left mega-menu-flyout mega-menu-item-179\" id=\"mega-menu-item-179\"><a class=\"mega-menu-link\" href=\"https:\/\/educon.es\" tabindex=\"0\">SALIR<\/a><\/li><\/ul><button class='mega-close' aria-label='Close'><\/button><\/div>\t\t\t\t<\/div>\n\t\t\t\t<\/div>\n\t\t\t\t\t<\/div>\n\t\t<\/div>\n\t\t\t\t\t<\/div>\n\t\t<\/section>\n\t\t\t\t<section class=\"elementor-section elementor-top-section elementor-element elementor-element-01e47de elementor-section-boxed elementor-section-height-default elementor-section-height-default\" data-id=\"01e47de\" data-element_type=\"section\">\n\t\t\t\t\t\t<div class=\"elementor-container elementor-column-gap-default\">\n\t\t\t\t\t<div class=\"elementor-column elementor-col-100 elementor-top-column elementor-element elementor-element-466d6d0\" data-id=\"466d6d0\" data-element_type=\"column\">\n\t\t\t<div class=\"elementor-widget-wrap\">\n\t\t\t\t\t\t\t<\/div>\n\t\t<\/div>\n\t\t\t\t\t<\/div>\n\t\t<\/section>\n\t\t\t\t<section class=\"elementor-section elementor-top-section elementor-element elementor-element-848d7fb elementor-section-boxed elementor-section-height-default elementor-section-height-default\" data-id=\"848d7fb\" data-element_type=\"section\">\n\t\t\t\t\t\t<div class=\"elementor-container elementor-column-gap-default\">\n\t\t\t\t\t<div class=\"elementor-column elementor-col-100 elementor-top-column elementor-element elementor-element-a048dc7\" data-id=\"a048dc7\" data-element_type=\"column\">\n\t\t\t<div class=\"elementor-widget-wrap elementor-element-populated\">\n\t\t\t\t\t\t<div class=\"elementor-element elementor-element-83d8ca1 elementor-widget elementor-widget-heading\" data-id=\"83d8ca1\" data-element_type=\"widget\" data-widget_type=\"heading.default\">\n\t\t\t\t<div class=\"elementor-widget-container\">\n\t\t\t\t\t<h2 class=\"elementor-heading-title elementor-size-default\">Manual para las Incripciones de Actividades <\/h2>\t\t\t\t<\/div>\n\t\t\t\t<\/div>\n\t\t\t\t\t<\/div>\n\t\t<\/div>\n\t\t\t\t\t<\/div>\n\t\t<\/section>\n\t\t\t\t<section class=\"elementor-section elementor-top-section elementor-element elementor-element-2b9f476 elementor-section-boxed elementor-section-height-default elementor-section-height-default\" data-id=\"2b9f476\" data-element_type=\"section\">\n\t\t\t\t\t\t<div class=\"elementor-container elementor-column-gap-default\">\n\t\t\t\t\t<div class=\"elementor-column elementor-col-100 elementor-top-column elementor-element elementor-element-36a67d3\" data-id=\"36a67d3\" data-element_type=\"column\">\n\t\t\t<div class=\"elementor-widget-wrap elementor-element-populated\">\n\t\t\t\t\t\t<div class=\"elementor-element elementor-element-9cee537 elementor-widget elementor-widget-text-editor\" data-id=\"9cee537\" data-element_type=\"widget\" data-widget_type=\"text-editor.default\">\n\t\t\t\t<div class=\"elementor-widget-container\">\n\t\t\t\t\t\t\t\t\t<p style=\"text-align: center;\"><img fetchpriority=\"high\" decoding=\"async\" class=\"alignnone size-medium wp-image-2206\" src=\"https:\/\/educon.es\/Inscripciones\/wp-content\/uploads\/2023\/08\/Manual-1-300x300.png\" alt=\"\" width=\"300\" height=\"300\" srcset=\"https:\/\/educon.es\/Inscripciones\/wp-content\/uploads\/2023\/08\/Manual-1-300x300.png 300w, https:\/\/educon.es\/Inscripciones\/wp-content\/uploads\/2023\/08\/Manual-1-150x150.png 150w, https:\/\/educon.es\/Inscripciones\/wp-content\/uploads\/2023\/08\/Manual-1.png 512w\" sizes=\"(max-width: 300px) 100vw, 300px\" \/><\/p>\t\t\t\t\t\t\t\t<\/div>\n\t\t\t\t<\/div>\n\t\t\t\t\t<\/div>\n\t\t<\/div>\n\t\t\t\t\t<\/div>\n\t\t<\/section>\n\t\t\t\t<section class=\"elementor-section elementor-top-section elementor-element elementor-element-8d5d64e elementor-section-boxed elementor-section-height-default elementor-section-height-default\" data-id=\"8d5d64e\" data-element_type=\"section\">\n\t\t\t\t\t\t<div class=\"elementor-container elementor-column-gap-default\">\n\t\t\t\t\t<div class=\"elementor-column elementor-col-100 elementor-top-column elementor-element elementor-element-9ba70cc\" data-id=\"9ba70cc\" data-element_type=\"column\">\n\t\t\t<div class=\"elementor-widget-wrap elementor-element-populated\">\n\t\t\t\t\t\t<div class=\"elementor-element elementor-element-d07771e elementor-widget elementor-widget-video\" data-id=\"d07771e\" data-element_type=\"widget\" data-settings=\"{&quot;video_type&quot;:&quot;hosted&quot;,&quot;controls&quot;:&quot;yes&quot;}\" data-widget_type=\"video.default\">\n\t\t\t\t<div class=\"elementor-widget-container\">\n\t\t\t\t\t\t\t<div class=\"e-hosted-video elementor-wrapper elementor-open-inline\">\n\t\t\t\t\t<video class=\"elementor-video\" src=\"https:\/\/educon.es\/Inscripciones\/wp-content\/uploads\/2023\/09\/copy_37091DCA-416A-42CF-9E67-BD0478EB2577.mov\" controls=\"\" preload=\"metadata\" controlsList=\"nodownload\"><\/video>\n\t\t\t\t<\/div>\n\t\t\t\t\t\t<\/div>\n\t\t\t\t<\/div>\n\t\t\t\t\t<\/div>\n\t\t<\/div>\n\t\t\t\t\t<\/div>\n\t\t<\/section>\n\t\t\t\t<section class=\"elementor-section elementor-top-section elementor-element elementor-element-1375930 elementor-section-boxed elementor-section-height-default elementor-section-height-default\" data-id=\"1375930\" data-element_type=\"section\">\n\t\t\t\t\t\t<div class=\"elementor-container elementor-column-gap-default\">\n\t\t\t\t\t<div class=\"elementor-column elementor-col-100 elementor-top-column elementor-element elementor-element-bc52ada\" data-id=\"bc52ada\" data-element_type=\"column\">\n\t\t\t<div class=\"elementor-widget-wrap elementor-element-populated\">\n\t\t\t\t\t\t<div class=\"elementor-element elementor-element-ed41917 elementor-widget elementor-widget-text-editor\" data-id=\"ed41917\" data-element_type=\"widget\" data-widget_type=\"text-editor.default\">\n\t\t\t\t<div class=\"elementor-widget-container\">\n\t\t\t\t\t\t\t\t\t<p style=\"text-align: left;\"><strong>Acceso a la P\u00e1gina de Registro<\/strong><\/p><p style=\"text-align: left;\">Abra su navegador web y navegue a www. educon.es .<\/p><p style=\"text-align: left;\">En la p\u00e1gina de inicio, busca y selecciona el enlace &#8220;Inscripciones&#8221;.<\/p><div><strong>Seleccionar Servicio de Inter\u00e9s<\/strong><\/div><div>.-En esta secci\u00f3n,\u00a0 el servicio de inter\u00e9s \u201cGAE, SIC, Descubre y\/o Eventos\u201d dentro del \u00e1rea de inscripciones. Esta pesta\u00f1a le permitir\u00e1 descubrir nuestros servicios y participar en las actividades EDUCON-<\/div><div>.-Desde su cuenta de usuario y dentro de la secci\u00f3n de \u201cInscripciones\u201d, busque la opci\u00f3n que desee en\u00a0 \u201cGAE, SIC, DESCUBRE, y\/o EVENTOS\u201d.<\/div><div>.-Haga clic en Inscripci\u00f3n\u00a0 y acceda a \u201cGAE, SIC, DESCUBRE y\/o EVENTO\u201d.<\/div><div>.-Explore las actividades disponibles enmarcados en los servicios anteriormente indicados.<\/div><div>.-En esta p\u00e1gina encontrar\u00e1s una lista de actividades organizados por municipios.<\/div><div>.- Cada actividad de cada centro tendr\u00e1 informaci\u00f3n relevante, que tendr\u00e1 que cumplimentar los datos del formulario, observando bien cada detalle.\u00a0<\/div><div><strong>Completar el Formulario de Inscripci\u00f3n<\/strong><\/div><div>Se le dirigir\u00e1 a un formulario de inscripci\u00f3n. Aseg\u00farese de leer todas las instrucciones y campos cuidadosamente.<\/div><div>\u00a0 \u00a0 \u00a0 Cumplimente la informaci\u00f3n solicitada en los campos obligatorios. Los datos requeridos \u00a0\u00a0\u00a0\u00a0\u00a0pueden incluir:<\/div><div>\u00a0<\/div><ol><li style=\"list-style-type: none;\"><ul><li>Nombre completo<\/li><li>Correo electr\u00f3nico<\/li><li>N\u00famero de tel\u00e9fono<\/li><li>Direcci\u00f3n<\/li><li>Ocupaci\u00f3n (si es relevante)<\/li><li>Otra informaci\u00f3n personal o detalles espec\u00edficos de la actividad<\/li><li>Despu\u00e9s de completar todos los campos requeridos, verifique que la informaci\u00f3n ingresada sea precisa y est\u00e9 actualizada.<div>\u00a0<\/div><div>\u00a0<\/div><\/li><\/ul><\/li><\/ol><div><strong>Enviar la Inscripci\u00f3n<\/strong><\/div><div>Una vez que haya ingresado todos los datos necesarios y revisada la informaci\u00f3n, busque el bot\u00f3n \u201cEnviar\u201d, \u201cInscribirse\u201d o una opci\u00f3n similar en la parte inferior del formulario.<\/div><div>\u00a0<\/div><div>Haga clic en el bot\u00f3n para enviar su inscripci\u00f3n a EDUCON.<\/div><p style=\"text-align: left;\"><strong>Verificaci\u00f3n de Correo Electr\u00f3nico<\/strong><\/p><p style=\"text-align: left;\">Despu\u00e9s de enviar el formulario, recibir\u00e1s un correo electr\u00f3nico de verificaci\u00f3n en la direcci\u00f3n proporcionada. Aseg\u00farese de verificar su bandeja de entrada o carpeta de correo no deseados o SPAM.<\/p><p style=\"text-align: left;\">Abre el correo electr\u00f3nico y haz clic en el enlace de verificaci\u00f3n para activar tu cuenta. Aseg\u00farese de verificar su bandeja de entrada o carpeta de correo no deseados o SPAM.<\/p><p style=\"text-align: left;\"><strong>Iniciar sesi\u00f3n<\/strong><\/p><p style=\"text-align: left;\">Vuelve a la p\u00e1gina de inicio y selecciona &#8220;Iniciar sesi\u00f3n&#8221;.<\/p><p style=\"text-align: left;\">Ingresa tu direcci\u00f3n de correo electr\u00f3nico y contrase\u00f1a en los campos correspondientes.<\/p><p style=\"text-align: left;\">Haz clic en el bot\u00f3n &#8220;Iniciar sesi\u00f3n&#8221; para acceder a tu cuenta.<\/p><p style=\"text-align: left;\"><strong>Acceso a la Secci\u00f3n de Inscripciones<\/strong><\/p><p style=\"text-align: left;\">Una vez dentro de tu cuenta, busca y selecciona la secci\u00f3n de &#8220;Inscripciones&#8221;.<\/p><p style=\"text-align: left;\"><strong>Seleccionar Servicio de Inter\u00e9s<\/strong><\/p><p style=\"text-align: left;\">En esta secci\u00f3n,\u00a0 el servicio de inter\u00e9s &#8220;GAE SIC Descubre Eventos&#8221; dentro del \u00e1rea de inscripciones. Este servicio te permitir\u00e1 descubrir nuestros servicios y participar para en ingresos organizados por el grupo GAE &#8211; SIC &#8211; DESCUBRE &#8211; EVENTOS.<\/p><p style=\"text-align: left;\">Desde tu cuenta de usuario y dentro de la secci\u00f3n de &#8220;Inscripciones&#8221;, busca la opci\u00f3n que se refiere a &#8220;GAE SIC DESCUBRE EVENTOS&#8221;.<\/p><p style=\"text-align: left;\">Haga clic en la opci\u00f3n para acceder a la p\u00e1gina de Inscripci\u00f3n &#8220;GAE SIC DESCUBRE EVENTO&#8221;.<\/p><p style=\"text-align: left;\">Explora los servicios o actividades disponibles:<\/p><p style=\"text-align: left;\">En esta p\u00e1gina encontrar\u00e1s una lista de servicios o actividades organizados por Municipios o eventos etc.<\/p><p style=\"text-align: left;\">Cada servicios o actividad de cada centro tendr\u00e1 informaci\u00f3n relevante, que tendr\u00e1 que rellenar los datos\u00a0 para realizar bien la inscripci\u00f3n mirar bien todos los detalles.<\/p><p style=\"text-align: left;\"><strong>Completar el Formulario de Inscripci\u00f3n<\/strong><\/p><p style=\"text-align: left;\">Se te dirigir\u00e1 a un formulario de inscripci\u00f3n. Aseg\u00farese de leer todas las instrucciones y campos cuidadosamente.<\/p><p style=\"text-align: left;\">\u00a0\u00a0\u00a0\u00a0\u00a0 Ingresa la informaci\u00f3n solicitada en los campos obligatorios. Los datos requeridos \u00a0\u00a0\u00a0\u00a0\u00a0pueden incluir:<\/p><ol style=\"text-align: left;\"><li style=\"list-style-type: none;\"><ul><li>nombre completo<\/li><li>Correo electr\u00f3nico<\/li><li>N\u00famero de tel\u00e9fono<\/li><li>Direcci\u00f3n<\/li><li>Ocupaci\u00f3n (si es relevante)<\/li><li>Otra informaci\u00f3n personal o detalles espec\u00edficos del evento.<\/li><li>Despu\u00e9s de completar todos los campos requeridos, verifique que la informaci\u00f3n ingresada sea precisa y est\u00e9 actualizada.<\/li><\/ul><\/li><\/ol><p style=\"text-align: left;\"><strong>Enviar la Inscripci\u00f3n<\/strong><\/p><p style=\"text-align: left;\">Una vez que hayas ingresado todos los datos necesarios y revisada la informaci\u00f3n, busca el bot\u00f3n &#8220;Enviar&#8221;, &#8220;Inscribirse&#8221; o una opci\u00f3n similar en la parte inferior del formulario.<\/p><p style=\"text-align: left;\">Haz clic en el bot\u00f3n para enviar tu inscripci\u00f3n al sistema.<\/p><p style=\"text-align: left;\"><strong>Confirmaci\u00f3n de Inscripci\u00f3n<\/strong><\/p><p style=\"text-align: left;\">Despu\u00e9s de enviar su inscripci\u00f3n, espere a recibir una confirmaci\u00f3n en pantalla. Esto puede incluir un mensaje que indique que su inscripci\u00f3n ha sido recibida con \u00e9xito.<\/p><p style=\"text-align: left;\">Tambi\u00e9n es posible que recibas un correo electr\u00f3nico de confirmaci\u00f3n en la direcci\u00f3n de correo electr\u00f3nico que proporcionaste durante la inscripci\u00f3n. Aseg\u00farese de verificar su bandeja de entrada o carpeta de correo no deseada.<\/p><div><strong>Recibir Informaci\u00f3n Adicional<\/strong><\/div><div>\u00a0<\/div><div>Si ha completado su inscripci\u00f3n correctamente, es posible que reciba informaci\u00f3n adicional sobre la actividad y\/o actividades seleccionada en el servicio indicado en el que se ha inscrito.<\/div><div class=\"default-style\">\u00a0<\/div><div class=\"default-style\">Esto puede incluir detalles sobre la fecha, la ubicaci\u00f3n, horarios y requisitos especiales.<\/div><div>\u00a0<\/div><div>Lea detenidamente toda la informaci\u00f3n proporcionada para asegurarte de estar preparado\/a para el servicios y\/o actividad EDUCON.<\/div>\t\t\t\t\t\t\t\t<\/div>\n\t\t\t\t<\/div>\n\t\t\t\t\t<\/div>\n\t\t<\/div>\n\t\t\t\t\t<\/div>\n\t\t<\/section>\n\t\t\t\t<\/div>\n\t\t","protected":false},"excerpt":{"rendered":"<p>Manual para las Incripciones de Actividades https:\/\/educon.es\/Inscripciones\/wp-content\/uploads\/2023\/09\/copy_37091DCA-416A-42CF-9E67-BD0478EB2577.mov Acceso a la P\u00e1gina de Registro Abra su navegador web y navegue a www. educon.es . En la p\u00e1gina de inicio, busca y selecciona el enlace &#8220;Inscripciones&#8221;. Seleccionar Servicio de Inter\u00e9s.-En esta secci\u00f3n,\u00a0 el servicio de inter\u00e9s \u201cGAE, SIC, Descubre y\/o Eventos\u201d dentro del \u00e1rea de inscripciones. Esta [&hellip;]<\/p>\n","protected":false},"author":1,"featured_media":0,"parent":0,"menu_order":0,"comment_status":"closed","ping_status":"closed","template":"","meta":{"_uag_custom_page_level_css":"","site-sidebar-layout":"default","site-content-layout":"default","ast-site-content-layout":"default","site-content-style":"default","site-sidebar-style":"default","ast-global-header-display":"","ast-banner-title-visibility":"","ast-main-header-display":"","ast-hfb-above-header-display":"","ast-hfb-below-header-display":"","ast-hfb-mobile-header-display":"disabled","site-post-title":"disabled","ast-breadcrumbs-content":"disabled","ast-featured-img":"disabled","footer-sml-layout":"disabled","ast-disable-related-posts":"","theme-transparent-header-meta":"default","adv-header-id-meta":"","stick-header-meta":"","header-above-stick-meta":"","header-main-stick-meta":"","header-below-stick-meta":"","astra-migrate-meta-layouts":"set","ast-page-background-enabled":"default","ast-page-background-meta":{"desktop":{"background-color":"var(--ast-global-color-4)","background-image":"","background-repeat":"repeat","background-position":"center center","background-size":"auto","background-attachment":"scroll","background-type":"","background-media":"","overlay-type":"","overlay-color":"","overlay-opacity":"","overlay-gradient":""},"tablet":{"background-color":"","background-image":"","background-repeat":"repeat","background-position":"center center","background-size":"auto","background-attachment":"scroll","background-type":"","background-media":"","overlay-type":"","overlay-color":"","overlay-opacity":"","overlay-gradient":""},"mobile":{"background-color":"","background-image":"","background-repeat":"repeat","background-position":"center center","background-size":"auto","background-attachment":"scroll","background-type":"","background-media":"","overlay-type":"","overlay-color":"","overlay-opacity":"","overlay-gradient":""}},"ast-content-background-meta":{"desktop":{"background-color":"var(--ast-global-color-5)","background-image":"","background-repeat":"repeat","background-position":"center center","background-size":"auto","background-attachment":"scroll","background-type":"","background-media":"","overlay-type":"","overlay-color":"","overlay-opacity":"","overlay-gradient":""},"tablet":{"background-color":"var(--ast-global-color-5)","background-image":"","background-repeat":"repeat","background-position":"center center","background-size":"auto","background-attachment":"scroll","background-type":"","background-media":"","overlay-type":"","overlay-color":"","overlay-opacity":"","overlay-gradient":""},"mobile":{"background-color":"var(--ast-global-color-5)","background-image":"","background-repeat":"repeat","background-position":"center center","background-size":"auto","background-attachment":"scroll","background-type":"","background-media":"","overlay-type":"","overlay-color":"","overlay-opacity":"","overlay-gradient":""}},"footnotes":""},"class_list":["post-2201","page","type-page","status-publish","hentry"],"uagb_featured_image_src":{"full":false,"thumbnail":false,"medium":false,"medium_large":false,"large":false,"1536x1536":false,"2048x2048":false},"uagb_author_info":{"display_name":"Andr\u00e9s Mart\u00edn Besombes","author_link":"https:\/\/educon.es\/Inscripciones\/author\/andres\/"},"uagb_comment_info":0,"uagb_excerpt":"Manual para las Incripciones de Actividades https:\/\/educon.es\/Inscripciones\/wp-content\/uploads\/2023\/09\/copy_37091DCA-416A-42CF-9E67-BD0478EB2577.mov Acceso a la P\u00e1gina de Registro Abra su navegador web y navegue a www. educon.es . En la p\u00e1gina de inicio, busca y selecciona el enlace &#8220;Inscripciones&#8221;. Seleccionar Servicio de Inter\u00e9s.-En esta secci\u00f3n,\u00a0 el servicio de inter\u00e9s \u201cGAE, SIC, Descubre y\/o Eventos\u201d dentro del \u00e1rea de inscripciones. Esta&hellip;","_links":{"self":[{"href":"https:\/\/educon.es\/Inscripciones\/wp-json\/wp\/v2\/pages\/2201","targetHints":{"allow":["GET"]}}],"collection":[{"href":"https:\/\/educon.es\/Inscripciones\/wp-json\/wp\/v2\/pages"}],"about":[{"href":"https:\/\/educon.es\/Inscripciones\/wp-json\/wp\/v2\/types\/page"}],"author":[{"embeddable":true,"href":"https:\/\/educon.es\/Inscripciones\/wp-json\/wp\/v2\/users\/1"}],"replies":[{"embeddable":true,"href":"https:\/\/educon.es\/Inscripciones\/wp-json\/wp\/v2\/comments?post=2201"}],"version-history":[{"count":30,"href":"https:\/\/educon.es\/Inscripciones\/wp-json\/wp\/v2\/pages\/2201\/revisions"}],"predecessor-version":[{"id":5693,"href":"https:\/\/educon.es\/Inscripciones\/wp-json\/wp\/v2\/pages\/2201\/revisions\/5693"}],"wp:attachment":[{"href":"https:\/\/educon.es\/Inscripciones\/wp-json\/wp\/v2\/media?parent=2201"}],"curies":[{"name":"wp","href":"https:\/\/api.w.org\/{rel}","templated":true}]}}